{"id":843,"date":"2015-10-09T15:06:37","date_gmt":"2015-10-09T07:06:37","guid":{"rendered":"https:\/\/ilathys.com\/?page_id=843&#038;lang=fr"},"modified":"2024-07-03T11:07:26","modified_gmt":"2024-07-03T03:07:26","slug":"a-propos","status":"publish","type":"page","link":"https:\/\/ilathys.com\/fr\/a-propos\/","title":{"rendered":"A Propos"},"content":{"rendered":"\t\t<div data-elementor-type=\"wp-page\" data-elementor-id=\"843\" class=\"elementor elementor-843 elementor-819\" data-elementor-post-type=\"page\">\n\t\t\t\t\t\t<section class=\"elementor-section elementor-top-section elementor-element elementor-element-2a3fcf0 elementor-section-boxed elementor-section-height-default elementor-section-height-default\" data-id=\"2a3fcf0\" data-element_type=\"section\" data-e-type=\"section\">\n\t\t\t\t\t\t<div class=\"elementor-container elementor-column-gap-default\">\n\t\t\t\t\t<div class=\"elementor-column elementor-col-100 elementor-top-column elementor-element elementor-element-2567c93\" data-id=\"2567c93\" data-element_type=\"column\" data-e-type=\"column\">\n\t\t\t<div class=\"elementor-widget-wrap elementor-element-populated\">\n\t\t\t\t\t\t<div class=\"elementor-element elementor-element-59636b0 elementor-widget elementor-widget-heading\" data-id=\"59636b0\" data-element_type=\"widget\" data-e-type=\"widget\" data-widget_type=\"heading.default\">\n\t\t\t\t<div class=\"elementor-widget-container\">\n\t\t\t\t\t<h2 class=\"elementor-heading-title elementor-size-default\">A PROPOS<\/h2>\t\t\t\t<\/div>\n\t\t\t\t<\/div>\n\t\t\t\t<div class=\"elementor-element elementor-element-136bdaf elementor-widget elementor-widget-text-editor\" data-id=\"136bdaf\" data-element_type=\"widget\" data-e-type=\"widget\" data-widget_type=\"text-editor.default\">\n\t\t\t\t<div class=\"elementor-widget-container\">\n\t\t\t\t\t\t\t\t\t<p>iLathys est une soci\u00e9t\u00e9 autofinanc\u00e9e, fond\u00e9e \u00e0 Singapour en 2011 par deux entrepreneurs fran\u00e7ais. Avec une \u00e9quipe de plus de 60 personnes (\u00e0 Singapour et dans le monde entier), iLathys a lanc\u00e9 et d\u00e9velopp\u00e9 plusieurs entreprises dans les domaines des services B2B et de la technologie.<\/p>\t\t\t\t\t\t\t\t<\/div>\n\t\t\t\t<\/div>\n\t\t\t\t\t<\/div>\n\t\t<\/div>\n\t\t\t\t\t<\/div>\n\t\t<\/section>\n\t\t\t\t<section class=\"elementor-section elementor-top-section elementor-element elementor-element-7d166895 elementor-section-boxed elementor-section-height-default elementor-section-height-default\" data-id=\"7d166895\" data-element_type=\"section\" data-e-type=\"section\">\n\t\t\t\t\t\t<div class=\"elementor-container elementor-column-gap-default\">\n\t\t\t\t\t<div class=\"elementor-column elementor-col-50 elementor-top-column elementor-element elementor-element-31343429\" data-id=\"31343429\" data-element_type=\"column\" data-e-type=\"column\">\n\t\t\t<div class=\"elementor-widget-wrap elementor-element-populated\">\n\t\t\t\t\t\t<div class=\"elementor-element elementor-element-2c11de2 elementor-widget elementor-widget-image\" data-id=\"2c11de2\" data-element_type=\"widget\" data-e-type=\"widget\" data-widget_type=\"image.default\">\n\t\t\t\t<div class=\"elementor-widget-container\">\n\t\t\t\t\t\t\t\t\t\t\t\t\t\t\t<img fetchpriority=\"high\" decoding=\"async\" width=\"640\" height=\"640\" src=\"data:image\/gif;base64,R0lGODlhAQABAAAAACH5BAEKAAEALAAAAAABAAEAAAICTAEAOw==\" class=\"attachment-large size-large wp-image-2171 lazyload\" alt=\"\" sizes=\"(max-width: 640px) 100vw, 640px\" data-src=\"https:\/\/ilathys.com\/wp-content\/uploads\/2015\/10\/sophie1.jpg\" data-srcset=\"https:\/\/ilathys.com\/wp-content\/uploads\/2015\/10\/sophie1.jpg 640w, https:\/\/ilathys.com\/wp-content\/uploads\/2015\/10\/sophie1-80x80.jpg 80w, https:\/\/ilathys.com\/wp-content\/uploads\/2015\/10\/sophie1-300x300.jpg 300w, https:\/\/ilathys.com\/wp-content\/uploads\/2015\/10\/sophie1-36x36.jpg 36w, https:\/\/ilathys.com\/wp-content\/uploads\/2015\/10\/sophie1-180x180.jpg 180w, https:\/\/ilathys.com\/wp-content\/uploads\/2015\/10\/sophie1-120x120.jpg 120w, https:\/\/ilathys.com\/wp-content\/uploads\/2015\/10\/sophie1-450x450.jpg 450w\">\t\t\t\t\t\t\t\t\t\t\t\t\t\t\t<\/div>\n\t\t\t\t<\/div>\n\t\t\t\t\t<\/div>\n\t\t<\/div>\n\t\t\t\t<div class=\"elementor-column elementor-col-50 elementor-top-column elementor-element elementor-element-a8357ec\" data-id=\"a8357ec\" data-element_type=\"column\" data-e-type=\"column\">\n\t\t\t<div class=\"elementor-widget-wrap elementor-element-populated\">\n\t\t\t\t\t\t<div class=\"elementor-element elementor-element-ef0ca1b elementor-widget elementor-widget-heading\" data-id=\"ef0ca1b\" data-element_type=\"widget\" data-e-type=\"widget\" data-widget_type=\"heading.default\">\n\t\t\t\t<div class=\"elementor-widget-container\">\n\t\t\t\t\t<h3 class=\"elementor-heading-title elementor-size-default\">Sophie Normand<\/h3>\t\t\t\t<\/div>\n\t\t\t\t<\/div>\n\t\t\t\t<div class=\"elementor-element elementor-element-3d78df2 elementor-widget elementor-widget-text-editor\" data-id=\"3d78df2\" data-element_type=\"widget\" data-e-type=\"widget\" data-widget_type=\"text-editor.default\">\n\t\t\t\t<div class=\"elementor-widget-container\">\n\t\t\t\t\t\t\t\t\t<p>Sophie dirige l&rsquo;\u00e9quipe technique ainsi que les op\u00e9rations de l&rsquo;entreprise. En 2011, elle a cofond\u00e9 fewStones, une agence de production de vid\u00e9os web et d&rsquo;entreprise \u00e0 Singapour. Avant de se lancer dans l&rsquo;entrepreneuriat, elle a pass\u00e9 plus de 10 ans dans divers postes de R&amp;D et d&rsquo;op\u00e9rations pour de grandes entreprises de t\u00e9l\u00e9communications en Europe. Sophie est titulaire d&rsquo;un dipl\u00f4me d&rsquo;ing\u00e9nieur de l&rsquo;ENST et d&rsquo;un MBA de l&rsquo;INSEAD.<\/p>\t\t\t\t\t\t\t\t<\/div>\n\t\t\t\t<\/div>\n\t\t\t\t\t<\/div>\n\t\t<\/div>\n\t\t\t\t\t<\/div>\n\t\t<\/section>\n\t\t\t\t<section class=\"elementor-section elementor-top-section elementor-element elementor-element-a060da4 elementor-section-boxed elementor-section-height-default elementor-section-height-default\" data-id=\"a060da4\" data-element_type=\"section\" data-e-type=\"section\">\n\t\t\t\t\t\t<div class=\"elementor-container elementor-column-gap-default\">\n\t\t\t\t\t<div class=\"elementor-column elementor-col-50 elementor-top-column elementor-element elementor-element-1feba7a\" data-id=\"1feba7a\" data-element_type=\"column\" data-e-type=\"column\">\n\t\t\t<div class=\"elementor-widget-wrap elementor-element-populated\">\n\t\t\t\t\t\t<div class=\"elementor-element elementor-element-6896bfa elementor-widget elementor-widget-image\" data-id=\"6896bfa\" data-element_type=\"widget\" data-e-type=\"widget\" data-widget_type=\"image.default\">\n\t\t\t\t<div class=\"elementor-widget-container\">\n\t\t\t\t\t\t\t\t\t\t\t\t\t\t\t<img decoding=\"async\" width=\"640\" height=\"640\" src=\"data:image\/gif;base64,R0lGODlhAQABAAAAACH5BAEKAAEALAAAAAABAAEAAAICTAEAOw==\" class=\"attachment-large size-large wp-image-2157 lazyload\" alt=\"\" sizes=\"(max-width: 640px) 100vw, 640px\" data-src=\"https:\/\/ilathys.com\/wp-content\/uploads\/2015\/10\/jc.png\" data-srcset=\"https:\/\/ilathys.com\/wp-content\/uploads\/2015\/10\/jc.png 640w, https:\/\/ilathys.com\/wp-content\/uploads\/2015\/10\/jc-80x80.png 80w, https:\/\/ilathys.com\/wp-content\/uploads\/2015\/10\/jc-300x300.png 300w, https:\/\/ilathys.com\/wp-content\/uploads\/2015\/10\/jc-36x36.png 36w, https:\/\/ilathys.com\/wp-content\/uploads\/2015\/10\/jc-180x180.png 180w, https:\/\/ilathys.com\/wp-content\/uploads\/2015\/10\/jc-120x120.png 120w, https:\/\/ilathys.com\/wp-content\/uploads\/2015\/10\/jc-450x450.png 450w\">\t\t\t\t\t\t\t\t\t\t\t\t\t\t\t<\/div>\n\t\t\t\t<\/div>\n\t\t\t\t\t<\/div>\n\t\t<\/div>\n\t\t\t\t<div class=\"elementor-column elementor-col-50 elementor-top-column elementor-element elementor-element-6c03963\" data-id=\"6c03963\" data-element_type=\"column\" data-e-type=\"column\">\n\t\t\t<div class=\"elementor-widget-wrap elementor-element-populated\">\n\t\t\t\t\t\t<div class=\"elementor-element elementor-element-a111434 elementor-widget elementor-widget-heading\" data-id=\"a111434\" data-element_type=\"widget\" data-e-type=\"widget\" data-widget_type=\"heading.default\">\n\t\t\t\t<div class=\"elementor-widget-container\">\n\t\t\t\t\t<h3 class=\"elementor-heading-title elementor-size-default\">Jean-Christophe Bougl\u00e9<\/h3>\t\t\t\t<\/div>\n\t\t\t\t<\/div>\n\t\t\t\t<div class=\"elementor-element elementor-element-051c319 elementor-widget elementor-widget-text-editor\" data-id=\"051c319\" data-element_type=\"widget\" data-e-type=\"widget\" data-widget_type=\"text-editor.default\">\n\t\t\t\t<div class=\"elementor-widget-container\">\n\t\t\t\t\t\t\t\t\t<p>Jean-Christophe est charg\u00e9 des partenariats et du d\u00e9veloppement commercial. Avant de devenir entrepreneur, JC a pass\u00e9 plus de 15 ans dans le d\u00e9veloppement commercial et des postes de direction dans une grande entreprise, en Europe, en Asie et au Moyen-Orient. Il a \u00e9galement \u00e9t\u00e9 cofondateur et associ\u00e9 dans un fonds de capital-risque pour les start-ups internet fran\u00e7aises de 1999 \u00e0 2012. Jean-Christophe est dipl\u00f4m\u00e9 d\u2019un MBA de l&rsquo;INSEAD.<\/p>\t\t\t\t\t\t\t\t<\/div>\n\t\t\t\t<\/div>\n\t\t\t\t\t<\/div>\n\t\t<\/div>\n\t\t\t\t\t<\/div>\n\t\t<\/section>\n\t\t\t\t<\/div>\n\t\t","protected":false},"excerpt":{"rendered":"<p>A PROPOS iLathys est une soci\u00e9t\u00e9 autofinanc\u00e9e, fond\u00e9e \u00e0 Singapour en 2011 par deux entrepreneurs fran\u00e7ais. Avec une \u00e9quipe de plus de 60 personnes (\u00e0 Singapour et dans le monde entier), iLathys a lanc\u00e9 et d\u00e9velopp\u00e9 plusieurs entreprises dans les domaines des services B2B et de la technologie. Sophie Normand Sophie dirige l&rsquo;\u00e9quipe technique ainsi [&hellip;]<\/p>\n","protected":false},"author":1,"featured_media":0,"parent":0,"menu_order":0,"comment_status":"closed","ping_status":"open","template":"elementor_header_footer","meta":{"site-sidebar-layout":"default","site-content-layout":"default","ast-site-content-layout":"default","site-content-style":"default","site-sidebar-style":"default","ast-global-header-display":"","ast-banner-title-visibility":"","ast-main-header-display":"","ast-hfb-above-header-display":"","ast-hfb-below-header-display":"","ast-hfb-mobile-header-display":"","site-post-title":"","ast-breadcrumbs-content":"","ast-featured-img":"","footer-sml-layout":"","ast-disable-related-posts":"","theme-transparent-header-meta":"default","adv-header-id-meta":"","stick-header-meta":"default","header-above-stick-meta":"","header-main-stick-meta":"","header-below-stick-meta":"","astra-migrate-meta-layouts":"set","ast-page-background-enabled":"default","ast-page-background-meta":{"desktop":{"background-color":"","background-image":"","background-repeat":"repeat","background-position":"center center","background-size":"auto","background-attachment":"scroll","background-type":"","background-media":"","overlay-type":"","overlay-color":"","overlay-opacity":"","overlay-gradient":""},"tablet":{"background-color":"","background-image":"","background-repeat":"repeat","background-position":"center center","background-size":"auto","background-attachment":"scroll","background-type":"","background-media":"","overlay-type":"","overlay-color":"","overlay-opacity":"","overlay-gradient":""},"mobile":{"background-color":"","background-image":"","background-repeat":"repeat","background-position":"center center","background-size":"auto","background-attachment":"scroll","background-type":"","background-media":"","overlay-type":"","overlay-color":"","overlay-opacity":"","overlay-gradient":""}},"ast-content-background-meta":{"desktop":{"background-color":"var(--ast-global-color-5)","background-image":"","background-repeat":"repeat","background-position":"center center","background-size":"auto","background-attachment":"scroll","background-type":"","background-media":"","overlay-type":"","overlay-color":"","overlay-opacity":"","overlay-gradient":""},"tablet":{"background-color":"var(--ast-global-color-5)","background-image":"","background-repeat":"repeat","background-position":"center center","background-size":"auto","background-attachment":"scroll","background-type":"","background-media":"","overlay-type":"","overlay-color":"","overlay-opacity":"","overlay-gradient":""},"mobile":{"background-color":"var(--ast-global-color-5)","background-image":"","background-repeat":"repeat","background-position":"center center","background-size":"auto","background-attachment":"scroll","background-type":"","background-media":"","overlay-type":"","overlay-color":"","overlay-opacity":"","overlay-gradient":""}},"footnotes":""},"class_list":["post-843","page","type-page","status-publish","hentry"],"yoast_head":"<!-- This site is optimized with the Yoast SEO plugin v27.3 - https:\/\/yoast.com\/product\/yoast-seo-wordpress\/ -->\n<title>A Propos - iLathys<\/title>\n<meta name=\"robots\" content=\"index, follow, max-snippet:-1, max-image-preview:large, max-video-preview:-1\" \/>\n<link rel=\"canonical\" href=\"https:\/\/ilathys.com\/fr\/a-propos\/\" \/>\n<meta property=\"og:locale\" content=\"fr_FR\" \/>\n<meta property=\"og:type\" content=\"article\" \/>\n<meta property=\"og:title\" content=\"A Propos - iLathys\" \/>\n<meta property=\"og:description\" content=\"A PROPOS iLathys est une soci\u00e9t\u00e9 autofinanc\u00e9e, fond\u00e9e \u00e0 Singapour en 2011 par deux entrepreneurs fran\u00e7ais. Avec une \u00e9quipe de plus de 60 personnes (\u00e0 Singapour et dans le monde entier), iLathys a lanc\u00e9 et d\u00e9velopp\u00e9 plusieurs entreprises dans les domaines des services B2B et de la technologie. Sophie Normand Sophie dirige l&rsquo;\u00e9quipe technique ainsi [&hellip;]\" \/>\n<meta property=\"og:url\" content=\"https:\/\/ilathys.com\/fr\/a-propos\/\" \/>\n<meta property=\"og:site_name\" content=\"iLathys\" \/>\n<meta property=\"article:modified_time\" content=\"2024-07-03T03:07:26+00:00\" \/>\n<meta property=\"og:image\" content=\"https:\/\/ilathys.com\/wp-content\/uploads\/2015\/10\/sophie1.jpg\" \/>\n<meta name=\"twitter:card\" content=\"summary_large_image\" \/>\n<meta name=\"twitter:label1\" content=\"Dur\u00e9e de lecture estim\u00e9e\" \/>\n\t<meta name=\"twitter:data1\" content=\"2 minutes\" \/>\n<script type=\"application\/ld+json\" class=\"yoast-schema-graph\">{\"@context\":\"https:\\\/\\\/schema.org\",\"@graph\":[{\"@type\":\"WebPage\",\"@id\":\"https:\\\/\\\/ilathys.com\\\/fr\\\/a-propos\\\/\",\"url\":\"https:\\\/\\\/ilathys.com\\\/fr\\\/a-propos\\\/\",\"name\":\"A Propos - iLathys\",\"isPartOf\":{\"@id\":\"https:\\\/\\\/ilathys.com\\\/fr\\\/#website\"},\"primaryImageOfPage\":{\"@id\":\"https:\\\/\\\/ilathys.com\\\/fr\\\/a-propos\\\/#primaryimage\"},\"image\":{\"@id\":\"https:\\\/\\\/ilathys.com\\\/fr\\\/a-propos\\\/#primaryimage\"},\"thumbnailUrl\":\"https:\\\/\\\/ilathys.com\\\/wp-content\\\/uploads\\\/2015\\\/10\\\/sophie1.jpg\",\"datePublished\":\"2015-10-09T07:06:37+00:00\",\"dateModified\":\"2024-07-03T03:07:26+00:00\",\"breadcrumb\":{\"@id\":\"https:\\\/\\\/ilathys.com\\\/fr\\\/a-propos\\\/#breadcrumb\"},\"inLanguage\":\"fr-FR\",\"potentialAction\":[{\"@type\":\"ReadAction\",\"target\":[\"https:\\\/\\\/ilathys.com\\\/fr\\\/a-propos\\\/\"]}]},{\"@type\":\"ImageObject\",\"inLanguage\":\"fr-FR\",\"@id\":\"https:\\\/\\\/ilathys.com\\\/fr\\\/a-propos\\\/#primaryimage\",\"url\":\"https:\\\/\\\/ilathys.com\\\/wp-content\\\/uploads\\\/2015\\\/10\\\/sophie1.jpg\",\"contentUrl\":\"https:\\\/\\\/ilathys.com\\\/wp-content\\\/uploads\\\/2015\\\/10\\\/sophie1.jpg\"},{\"@type\":\"BreadcrumbList\",\"@id\":\"https:\\\/\\\/ilathys.com\\\/fr\\\/a-propos\\\/#breadcrumb\",\"itemListElement\":[{\"@type\":\"ListItem\",\"position\":1,\"name\":\"Home\",\"item\":\"https:\\\/\\\/ilathys.com\\\/fr\\\/\"},{\"@type\":\"ListItem\",\"position\":2,\"name\":\"A Propos\"}]},{\"@type\":\"WebSite\",\"@id\":\"https:\\\/\\\/ilathys.com\\\/fr\\\/#website\",\"url\":\"https:\\\/\\\/ilathys.com\\\/fr\\\/\",\"name\":\"iLathys\",\"description\":\"Venture Builder based in Singapore\",\"publisher\":{\"@id\":\"https:\\\/\\\/ilathys.com\\\/fr\\\/#organization\"},\"potentialAction\":[{\"@type\":\"SearchAction\",\"target\":{\"@type\":\"EntryPoint\",\"urlTemplate\":\"https:\\\/\\\/ilathys.com\\\/fr\\\/?s={search_term_string}\"},\"query-input\":{\"@type\":\"PropertyValueSpecification\",\"valueRequired\":true,\"valueName\":\"search_term_string\"}}],\"inLanguage\":\"fr-FR\"},{\"@type\":\"Organization\",\"@id\":\"https:\\\/\\\/ilathys.com\\\/fr\\\/#organization\",\"name\":\"iLathys\",\"url\":\"https:\\\/\\\/ilathys.com\\\/fr\\\/\",\"logo\":{\"@type\":\"ImageObject\",\"inLanguage\":\"fr-FR\",\"@id\":\"https:\\\/\\\/ilathys.com\\\/fr\\\/#\\\/schema\\\/logo\\\/image\\\/\",\"url\":\"https:\\\/\\\/ilathys.com\\\/wp-content\\\/uploads\\\/2014\\\/06\\\/logo2.jpg\",\"contentUrl\":\"https:\\\/\\\/ilathys.com\\\/wp-content\\\/uploads\\\/2014\\\/06\\\/logo2.jpg\",\"width\":626,\"height\":202,\"caption\":\"iLathys\"},\"image\":{\"@id\":\"https:\\\/\\\/ilathys.com\\\/fr\\\/#\\\/schema\\\/logo\\\/image\\\/\"}}]}<\/script>\n<!-- \/ Yoast SEO plugin. -->","yoast_head_json":{"title":"A Propos - iLathys","robots":{"index":"index","follow":"follow","max-snippet":"max-snippet:-1","max-image-preview":"max-image-preview:large","max-video-preview":"max-video-preview:-1"},"canonical":"https:\/\/ilathys.com\/fr\/a-propos\/","og_locale":"fr_FR","og_type":"article","og_title":"A Propos - iLathys","og_description":"A PROPOS iLathys est une soci\u00e9t\u00e9 autofinanc\u00e9e, fond\u00e9e \u00e0 Singapour en 2011 par deux entrepreneurs fran\u00e7ais. Avec une \u00e9quipe de plus de 60 personnes (\u00e0 Singapour et dans le monde entier), iLathys a lanc\u00e9 et d\u00e9velopp\u00e9 plusieurs entreprises dans les domaines des services B2B et de la technologie. Sophie Normand Sophie dirige l&rsquo;\u00e9quipe technique ainsi [&hellip;]","og_url":"https:\/\/ilathys.com\/fr\/a-propos\/","og_site_name":"iLathys","article_modified_time":"2024-07-03T03:07:26+00:00","og_image":[{"url":"https:\/\/ilathys.com\/wp-content\/uploads\/2015\/10\/sophie1.jpg","type":"","width":"","height":""}],"twitter_card":"summary_large_image","twitter_misc":{"Dur\u00e9e de lecture estim\u00e9e":"2 minutes"},"schema":{"@context":"https:\/\/schema.org","@graph":[{"@type":"WebPage","@id":"https:\/\/ilathys.com\/fr\/a-propos\/","url":"https:\/\/ilathys.com\/fr\/a-propos\/","name":"A Propos - iLathys","isPartOf":{"@id":"https:\/\/ilathys.com\/fr\/#website"},"primaryImageOfPage":{"@id":"https:\/\/ilathys.com\/fr\/a-propos\/#primaryimage"},"image":{"@id":"https:\/\/ilathys.com\/fr\/a-propos\/#primaryimage"},"thumbnailUrl":"https:\/\/ilathys.com\/wp-content\/uploads\/2015\/10\/sophie1.jpg","datePublished":"2015-10-09T07:06:37+00:00","dateModified":"2024-07-03T03:07:26+00:00","breadcrumb":{"@id":"https:\/\/ilathys.com\/fr\/a-propos\/#breadcrumb"},"inLanguage":"fr-FR","potentialAction":[{"@type":"ReadAction","target":["https:\/\/ilathys.com\/fr\/a-propos\/"]}]},{"@type":"ImageObject","inLanguage":"fr-FR","@id":"https:\/\/ilathys.com\/fr\/a-propos\/#primaryimage","url":"https:\/\/ilathys.com\/wp-content\/uploads\/2015\/10\/sophie1.jpg","contentUrl":"https:\/\/ilathys.com\/wp-content\/uploads\/2015\/10\/sophie1.jpg"},{"@type":"BreadcrumbList","@id":"https:\/\/ilathys.com\/fr\/a-propos\/#breadcrumb","itemListElement":[{"@type":"ListItem","position":1,"name":"Home","item":"https:\/\/ilathys.com\/fr\/"},{"@type":"ListItem","position":2,"name":"A Propos"}]},{"@type":"WebSite","@id":"https:\/\/ilathys.com\/fr\/#website","url":"https:\/\/ilathys.com\/fr\/","name":"iLathys","description":"Venture Builder based in Singapore","publisher":{"@id":"https:\/\/ilathys.com\/fr\/#organization"},"potentialAction":[{"@type":"SearchAction","target":{"@type":"EntryPoint","urlTemplate":"https:\/\/ilathys.com\/fr\/?s={search_term_string}"},"query-input":{"@type":"PropertyValueSpecification","valueRequired":true,"valueName":"search_term_string"}}],"inLanguage":"fr-FR"},{"@type":"Organization","@id":"https:\/\/ilathys.com\/fr\/#organization","name":"iLathys","url":"https:\/\/ilathys.com\/fr\/","logo":{"@type":"ImageObject","inLanguage":"fr-FR","@id":"https:\/\/ilathys.com\/fr\/#\/schema\/logo\/image\/","url":"https:\/\/ilathys.com\/wp-content\/uploads\/2014\/06\/logo2.jpg","contentUrl":"https:\/\/ilathys.com\/wp-content\/uploads\/2014\/06\/logo2.jpg","width":626,"height":202,"caption":"iLathys"},"image":{"@id":"https:\/\/ilathys.com\/fr\/#\/schema\/logo\/image\/"}}]}},"_links":{"self":[{"href":"https:\/\/ilathys.com\/fr\/wp-json\/wp\/v2\/pages\/843","targetHints":{"allow":["GET"]}}],"collection":[{"href":"https:\/\/ilathys.com\/fr\/wp-json\/wp\/v2\/pages"}],"about":[{"href":"https:\/\/ilathys.com\/fr\/wp-json\/wp\/v2\/types\/page"}],"author":[{"embeddable":true,"href":"https:\/\/ilathys.com\/fr\/wp-json\/wp\/v2\/users\/1"}],"replies":[{"embeddable":true,"href":"https:\/\/ilathys.com\/fr\/wp-json\/wp\/v2\/comments?post=843"}],"version-history":[{"count":0,"href":"https:\/\/ilathys.com\/fr\/wp-json\/wp\/v2\/pages\/843\/revisions"}],"wp:attachment":[{"href":"https:\/\/ilathys.com\/fr\/wp-json\/wp\/v2\/media?parent=843"}],"curies":[{"name":"wp","href":"https:\/\/api.w.org\/{rel}","templated":true}]}}